{"id":9734,"date":"2023-11-07T13:58:53","date_gmt":"2023-11-07T12:58:53","guid":{"rendered":"https:\/\/www.tandir.fr\/word\/?page_id=9734"},"modified":"2023-11-09T11:35:59","modified_gmt":"2023-11-09T10:35:59","slug":"politique-d-expedition","status":"publish","type":"page","link":"https:\/\/www.tandir.fr\/index.php\/politique-d-expedition\/","title":{"rendered":"Politique d&rsquo;exp\u00e9dition"},"content":{"rendered":"<div class=\"wpb-content-wrapper\"><p>[vc_row][vc_column][vc_column_text woodmart_inline=\u00a0\u00bbno\u00a0\u00bb text_larger=\u00a0\u00bbno\u00a0\u00bb]<strong>\u00a0<\/strong><\/p>\n<div class=\"Polaris-LegacyCard__Section_1b1h1 Polaris-LegacyCard__FirstSectionPadding_dq8kr\">\n<div class=\"Polaris-InlineStack_bc7jt\">\n<div class=\"Polaris-InlineStack_bc7jt\">\n<h2 class=\"Polaris-Text--root_yj4ah Polaris-Text--headingSm_14l4b\" style=\"text-align: center;\">Politique d&rsquo;exp\u00e9dition<\/h2>\n<\/div>\n<\/div>\n<\/div>\n<h4 style=\"text-align: center;\"><strong>\u00a0\u00ab\u00a0\u00dcmit FRANCE SARL \u00bb<\/strong><\/h4>\n<p>EXP\u00c9DITION<\/p>\n<p>Nous livrons seulement en France. Pour les produits avec exp\u00e9dition payante, nous le marquons clairement avant de payer.<\/p>\n<p>Le d\u00e9lai de livraison moyen des machines \u00e0 d\u00e9couper les kebabs \u00e9lectriques et des pi\u00e8ces d\u00e9tach\u00e9es est de 2 \u00e0 5 jours ouvrables.<\/p>\n<p>Le d\u00e9lai de livraison des machines \u00e0 kebab est de 5 \u00e0 7 jours ouvrables.<\/p>\n<p>Apr\u00e8s la commande, vous pouvez consulter votre commande sur notre site web avec le num\u00e9ro de suivi du fret et le num\u00e9ro de commande.<\/p>\n<p>Il n&rsquo;y aura pas de livraison au reste du monde. L&rsquo;exp\u00e9dition est pay\u00e9e par le client et le d\u00e9lai d&rsquo;exp\u00e9dition est clairement mentionn\u00e9 avant que le client ne paie.<\/p>\n<p>Vous pouvez consulter les informations de suivi de vos commandes sur notre page de suivi de votre commande. Vous pouvez nous contacter pour toute question ou information.<\/p>\n<p><strong>contact@tandir.fr ou 06 24 18 27 40<\/strong>[\/vc_column_text][\/vc_column][\/vc_row]<\/p>\n<\/div>","protected":false},"excerpt":{"rendered":"<p>[vc_row][vc_column][vc_column_text woodmart_inline=\u00a0\u00bbno\u00a0\u00bb text_larger=\u00a0\u00bbno\u00a0\u00bb]\u00a0 Politique d&rsquo;exp\u00e9dition \u00a0\u00ab\u00a0\u00dcmit FRANCE SARL \u00bb EXP\u00c9DITION Nous livrons seulement en France. Pour les produits avec exp\u00e9dition<\/p>\n","protected":false},"author":1,"featured_media":0,"parent":0,"menu_order":0,"comment_status":"closed","ping_status":"closed","template":"","meta":{"_monsterinsights_skip_tracking":false,"_monsterinsights_sitenote_active":false,"_monsterinsights_sitenote_note":"","_monsterinsights_sitenote_category":0,"_uf_show_specific_survey":0,"_uf_disable_surveys":false,"footnotes":""},"class_list":["post-9734","page","type-page","status-publish","hentry"],"aioseo_notices":[],"jetpack_sharing_enabled":true,"_links":{"self":[{"href":"https:\/\/www.tandir.fr\/index.php\/wp-json\/wp\/v2\/pages\/9734","targetHints":{"allow":["GET"]}}],"collection":[{"href":"https:\/\/www.tandir.fr\/index.php\/wp-json\/wp\/v2\/pages"}],"about":[{"href":"https:\/\/www.tandir.fr\/index.php\/wp-json\/wp\/v2\/types\/page"}],"author":[{"embeddable":true,"href":"https:\/\/www.tandir.fr\/index.php\/wp-json\/wp\/v2\/users\/1"}],"replies":[{"embeddable":true,"href":"https:\/\/www.tandir.fr\/index.php\/wp-json\/wp\/v2\/comments?post=9734"}],"version-history":[{"count":0,"href":"https:\/\/www.tandir.fr\/index.php\/wp-json\/wp\/v2\/pages\/9734\/revisions"}],"wp:attachment":[{"href":"https:\/\/www.tandir.fr\/index.php\/wp-json\/wp\/v2\/media?parent=9734"}],"curies":[{"name":"wp","href":"https:\/\/api.w.org\/{rel}","templated":true}]}}