{"id":10206,"date":"2023-11-28T18:08:56","date_gmt":"2023-11-28T17:08:56","guid":{"rendered":"https:\/\/www.tandir.fr\/?post_type=product&#038;p=10206"},"modified":"2025-09-12T11:31:19","modified_gmt":"2025-09-12T09:31:19","slug":"potis-pk2735-contact-grill-grille-pain","status":"publish","type":"product","link":"https:\/\/www.tandir.fr\/index.php\/produit\/potis-pk2735-contact-grill-grille-pain\/","title":{"rendered":"Potis PK2735 contact grill grille-pain"},"content":{"rendered":"<table class=\"table table-bordered\">\n<thead>\n<tr>\n<td colspan=\"2\"><strong>LES ATTRIBUTS<\/strong><\/td>\n<\/tr>\n<\/thead>\n<tbody>\n<tr>\n<td>ARTICLE<\/td>\n<td>PK2735<\/td>\n<\/tr>\n<tr>\n<td>PUISSANCE<\/td>\n<td>2.5 kW<\/td>\n<\/tr>\n<tr>\n<td>TAILLE W \/ D \/ H<\/td>\n<td>410 \/ 500 \/ 300 mm<\/td>\n<\/tr>\n<tr>\n<td>TENSION<\/td>\n<td>230 V<\/td>\n<\/tr>\n<tr>\n<td>POIDS<\/td>\n<td>29 kg<\/td>\n<\/tr>\n<tr>\n<td>MODE TEMPERATURE<\/td>\n<td>0\u00ba to 300\u00baC.<\/td>\n<\/tr>\n<tr>\n<td>REMARQUES<\/td>\n<td>Surface 360 x 270 mm<\/td>\n<\/tr>\n<\/tbody>\n<\/table>\n<p>Le gril cat\u00e9naire professionnel PK 2735E fabriqu\u00e9 par POTIS est destin\u00e9 \u00e0 \u00eatre utilis\u00e9 dans les \u00e9tablissements de restauration. Il permet de griller viandes, saucisses, poissons, toasts et l\u00e9gumes des deux c\u00f4t\u00e9s en m\u00eame temps.<\/p>\n<p>Plaques en fonte rainur\u00e9es.<br \/>\nCorps du gril en acier inoxydable.<br \/>\nSous les plaques du gril se trouve un bac pour les graisses et les r\u00e9sidus du gril.<br \/>\nPlage de temp\u00e9rature de 0\u00ba \u00e0 300\u00baC.<br \/>\nPoign\u00e9es r\u00e9sistantes \u00e0 la chaleur.<br \/>\nDimensions de la surface &#8211; 36 x 27 cm.<\/p>\n","protected":false},"excerpt":{"rendered":"<p>Le gril cat\u00e9naire professionnel PK 2735E fabriqu\u00e9 par POTIS est destin\u00e9 \u00e0 \u00eatre utilis\u00e9 dans les \u00e9tablissements de restauration. Il permet de griller viandes, saucisses, poissons, toasts et l\u00e9gumes des deux c\u00f4t\u00e9s en m\u00eame temps.<\/p>\n<p>Plaques en fonte rainur\u00e9es.<br \/>\nCorps du gril en acier inoxydable.<br \/>\nSous les plaques du gril se trouve un bac pour les graisses et les r\u00e9sidus du gril.<br \/>\nPlage de temp\u00e9rature de 0\u00ba \u00e0 300\u00baC.<br \/>\nPoign\u00e9es r\u00e9sistantes \u00e0 la chaleur.<br \/>\nDimensions de la surface &#8211; 36 x 27 cm.<\/p>\n","protected":false},"featured_media":10209,"comment_status":"closed","ping_status":"closed","template":"","meta":{"_monsterinsights_skip_tracking":false,"_monsterinsights_sitenote_active":false,"_monsterinsights_sitenote_note":"","_monsterinsights_sitenote_category":0,"_uf_show_specific_survey":0,"_uf_disable_surveys":false},"product_brand":[],"product_cat":[74,93],"product_tag":[],"class_list":{"0":"post-10206","1":"product","2":"type-product","3":"status-publish","4":"has-post-thumbnail","6":"product_cat-nos-autres-produits","7":"product_cat-potis","9":"first","10":"instock","11":"taxable","12":"shipping-taxable","13":"purchasable","14":"product-type-simple"},"aioseo_notices":[],"jetpack_sharing_enabled":true,"_links":{"self":[{"href":"https:\/\/www.tandir.fr\/index.php\/wp-json\/wp\/v2\/product\/10206","targetHints":{"allow":["GET"]}}],"collection":[{"href":"https:\/\/www.tandir.fr\/index.php\/wp-json\/wp\/v2\/product"}],"about":[{"href":"https:\/\/www.tandir.fr\/index.php\/wp-json\/wp\/v2\/types\/product"}],"replies":[{"embeddable":true,"href":"https:\/\/www.tandir.fr\/index.php\/wp-json\/wp\/v2\/comments?post=10206"}],"wp:featuredmedia":[{"embeddable":true,"href":"https:\/\/www.tandir.fr\/index.php\/wp-json\/wp\/v2\/media\/10209"}],"wp:attachment":[{"href":"https:\/\/www.tandir.fr\/index.php\/wp-json\/wp\/v2\/media?parent=10206"}],"wp:term":[{"taxonomy":"product_brand","embeddable":true,"href":"https:\/\/www.tandir.fr\/index.php\/wp-json\/wp\/v2\/product_brand?post=10206"},{"taxonomy":"product_cat","embeddable":true,"href":"https:\/\/www.tandir.fr\/index.php\/wp-json\/wp\/v2\/product_cat?post=10206"},{"taxonomy":"product_tag","embeddable":true,"href":"https:\/\/www.tandir.fr\/index.php\/wp-json\/wp\/v2\/product_tag?post=10206"}],"curies":[{"name":"wp","href":"https:\/\/api.w.org\/{rel}","templated":true}]}}