{"id":10534,"date":"2024-09-24T11:02:35","date_gmt":"2024-09-24T09:02:35","guid":{"rendered":"https:\/\/www.tandir.fr\/?post_type=product&#038;p=10534"},"modified":"2024-09-24T11:06:03","modified_gmt":"2024-09-24T09:06:03","slug":"couteau-circulaire-dick-120-lisse","status":"publish","type":"product","link":"https:\/\/www.tandir.fr\/index.php\/produit\/couteau-circulaire-dick-120-lisse\/","title":{"rendered":"Couteau circulaire DICK\u00ae 120 lisse"},"content":{"rendered":"<p>Les couteaux circulaires de la marque DICK\u00ae sont fabriqu\u00e9s en Allemagne. Nous recommandons les couteaux circulaires lisses pour couper la viande hach\u00e9e. Le couteau circulaire a un diam\u00e8tre de 120mm et est adapt\u00e9 au couteau Tandir II 120.<\/p>\n<p>Nous vous recommandons d&rsquo;utiliser exclusivement des couteaux circulaires TANDIR\u00ae et DICK\u00ae sur nos machines \u00e0 d\u00e9couper les kebabs TANDIR. Les produits tiers sur le march\u00e9 pr\u00e9sentent g\u00e9n\u00e9ralement un fort battement en hauteur et lat\u00e9ral, ce qui endommage la machine \u00e0 long terme. Notre contr\u00f4le de qualit\u00e9 garantit un couteau circulaire qui tourne sans \u00e0-coups dans les limites de nos tol\u00e9rances. L&rsquo;utilisation de mati\u00e8res premi\u00e8res de haute qualit\u00e9 et de temp\u00e9ratures de cuisson \u00e9lev\u00e9es nous permet en outre d&rsquo;obtenir une duret\u00e9 particuli\u00e8re, gr\u00e2ce \u00e0 laquelle les couteaux circulaires restent aiguis\u00e9s plus longtemps et s&rsquo;usent moins.<\/p>\n","protected":false},"excerpt":{"rendered":"<p>Les couteaux circulaires de la marque DICK\u00ae sont fabriqu\u00e9s en Allemagne. Nous recommandons les couteaux circulaires lisses pour couper la viande hach\u00e9e. Le couteau circulaire a un diam\u00e8tre de 120mm et est adapt\u00e9 au couteau Tandir II 120.<\/p>\n","protected":false},"featured_media":10535,"comment_status":"closed","ping_status":"closed","template":"","meta":{"_monsterinsights_skip_tracking":false,"_monsterinsights_sitenote_active":false,"_monsterinsights_sitenote_note":"","_monsterinsights_sitenote_category":0,"_uf_show_specific_survey":0,"_uf_disable_surveys":false},"product_brand":[],"product_cat":[73],"product_tag":[],"class_list":{"0":"post-10534","1":"product","2":"type-product","3":"status-publish","4":"has-post-thumbnail","6":"product_cat-pieces-de-rechange","8":"first","9":"instock","10":"taxable","11":"shipping-taxable","12":"purchasable","13":"product-type-simple"},"aioseo_notices":[],"jetpack_sharing_enabled":true,"_links":{"self":[{"href":"https:\/\/www.tandir.fr\/index.php\/wp-json\/wp\/v2\/product\/10534","targetHints":{"allow":["GET"]}}],"collection":[{"href":"https:\/\/www.tandir.fr\/index.php\/wp-json\/wp\/v2\/product"}],"about":[{"href":"https:\/\/www.tandir.fr\/index.php\/wp-json\/wp\/v2\/types\/product"}],"replies":[{"embeddable":true,"href":"https:\/\/www.tandir.fr\/index.php\/wp-json\/wp\/v2\/comments?post=10534"}],"wp:featuredmedia":[{"embeddable":true,"href":"https:\/\/www.tandir.fr\/index.php\/wp-json\/wp\/v2\/media\/10535"}],"wp:attachment":[{"href":"https:\/\/www.tandir.fr\/index.php\/wp-json\/wp\/v2\/media?parent=10534"}],"wp:term":[{"taxonomy":"product_brand","embeddable":true,"href":"https:\/\/www.tandir.fr\/index.php\/wp-json\/wp\/v2\/product_brand?post=10534"},{"taxonomy":"product_cat","embeddable":true,"href":"https:\/\/www.tandir.fr\/index.php\/wp-json\/wp\/v2\/product_cat?post=10534"},{"taxonomy":"product_tag","embeddable":true,"href":"https:\/\/www.tandir.fr\/index.php\/wp-json\/wp\/v2\/product_tag?post=10534"}],"curies":[{"name":"wp","href":"https:\/\/api.w.org\/{rel}","templated":true}]}}