{"id":10562,"date":"2024-10-14T12:32:05","date_gmt":"2024-10-14T10:32:05","guid":{"rendered":"https:\/\/www.tandir.fr\/?post_type=product&#038;p=10562"},"modified":"2026-02-18T12:20:45","modified_gmt":"2026-02-18T11:20:45","slug":"mbm-grill-charcoal-grille-pierre-lavique-a-gaz-pour-viande-40x60cm","status":"publish","type":"product","link":"https:\/\/www.tandir.fr\/index.php\/produit\/mbm-grill-charcoal-grille-pierre-lavique-a-gaz-pour-viande-40x60cm\/","title":{"rendered":"MBM &#8211; Grill charcoal grille pierre lavique a gaz pour viande 40x60cm"},"content":{"rendered":"<p><strong>GRILLE PIERRE DE LAVE PROFESSIONNEL A GAZ POUR VIANDE<\/strong><\/p>\n<p>La gamme cuisson minima 600 de la marque MBM est con\u00e7u pour obtenir des r\u00e9sultat parfaits dans des espaces de travail r\u00e9duits.<\/p>\n<p>Elle se compose d&rsquo;\u00e9quipement modulaires pouvant \u00eatre install\u00e9s sur des soubassements r\u00e9frig\u00e9r\u00e9s ou neutre.<br \/>\ncompacte, simple \u00e0 transporter et \u00e0 installer, facile d&rsquo;entretien gr\u00e2ce \u00e0 ses angles arrondis<br \/>\nLa grille \u00e0 pierre DE LAVE professionnel \u00e0 gaz de la marque MBM est \u00e9quip\u00e9 d&rsquo;une grille viande en V en acier inoxydable pour recueillir les graisses et jus de cuisson, bac de r\u00e9cup\u00e9ration des graisse et jus de cuisson amovible, avec structure et plan de travail en acier inoxydable AISI 304. Dimensions grille &#8211; LxP (cm) 35,5x46x1<\/p>\n<p>Chauffage au gaz avec un br\u00fbleur en acier inoxydable et flamme auto-stabilis\u00e9e avec une puissance totale de 7kW . Robinet gaz avec s\u00e9curit\u00e9 par thermocouple.<br \/>\nAllumage automatique avec veilleuse et piezo-\u00e9lectrique<\/p>\n<p>&nbsp;<\/p>\n<table>\n<tbody>\n<tr class=\"pair\">\n<td>Pays de fabrication<\/td>\n<td>IT<\/td>\n<\/tr>\n<tr>\n<td>Dimensions (LxPxH) (mm) :<\/td>\n<td>400x600x270<\/td>\n<\/tr>\n<tr class=\"pair\">\n<td>Poids (kg) :<\/td>\n<td>41<\/td>\n<\/tr>\n<tr>\n<td>Volume (m\u00b3) :<\/td>\n<td>0.2<\/td>\n<\/tr>\n<tr class=\"pair\">\n<td>Puissance gaz totale (kW) :<\/td>\n<td>7<\/td>\n<\/tr>\n<\/tbody>\n<\/table>\n","protected":false},"excerpt":{"rendered":"<table>\n<tbody>\n<tr class=\"pair\">\n<td>Pays de fabrication<\/td>\n<td>IT<\/td>\n<\/tr>\n<tr>\n<td>Dimensions (LxPxH) (mm) :<\/td>\n<td>400x600x270<\/td>\n<\/tr>\n<tr class=\"pair\">\n<td>Poids (kg) :<\/td>\n<td>41<\/td>\n<\/tr>\n<tr>\n<td>Volume (m\u00b3) :<\/td>\n<td>0.2<\/td>\n<\/tr>\n<tr class=\"pair\">\n<td>Puissance gaz totale (kW) :<\/td>\n<td>7<\/td>\n<\/tr>\n<\/tbody>\n<\/table>\n","protected":false},"featured_media":10563,"comment_status":"closed","ping_status":"closed","template":"","meta":{"_monsterinsights_skip_tracking":false,"_monsterinsights_sitenote_active":false,"_monsterinsights_sitenote_note":"","_monsterinsights_sitenote_category":0,"_uf_show_specific_survey":0,"_uf_disable_surveys":false},"product_brand":[],"product_cat":[74],"product_tag":[],"class_list":{"0":"post-10562","1":"product","2":"type-product","3":"status-publish","4":"has-post-thumbnail","6":"product_cat-nos-autres-produits","8":"first","9":"instock","10":"taxable","11":"shipping-taxable","12":"purchasable","13":"product-type-simple"},"aioseo_notices":[],"jetpack_sharing_enabled":true,"_links":{"self":[{"href":"https:\/\/www.tandir.fr\/index.php\/wp-json\/wp\/v2\/product\/10562","targetHints":{"allow":["GET"]}}],"collection":[{"href":"https:\/\/www.tandir.fr\/index.php\/wp-json\/wp\/v2\/product"}],"about":[{"href":"https:\/\/www.tandir.fr\/index.php\/wp-json\/wp\/v2\/types\/product"}],"replies":[{"embeddable":true,"href":"https:\/\/www.tandir.fr\/index.php\/wp-json\/wp\/v2\/comments?post=10562"}],"wp:featuredmedia":[{"embeddable":true,"href":"https:\/\/www.tandir.fr\/index.php\/wp-json\/wp\/v2\/media\/10563"}],"wp:attachment":[{"href":"https:\/\/www.tandir.fr\/index.php\/wp-json\/wp\/v2\/media?parent=10562"}],"wp:term":[{"taxonomy":"product_brand","embeddable":true,"href":"https:\/\/www.tandir.fr\/index.php\/wp-json\/wp\/v2\/product_brand?post=10562"},{"taxonomy":"product_cat","embeddable":true,"href":"https:\/\/www.tandir.fr\/index.php\/wp-json\/wp\/v2\/product_cat?post=10562"},{"taxonomy":"product_tag","embeddable":true,"href":"https:\/\/www.tandir.fr\/index.php\/wp-json\/wp\/v2\/product_tag?post=10562"}],"curies":[{"name":"wp","href":"https:\/\/api.w.org\/{rel}","templated":true}]}}