{"id":9866,"date":"2023-11-09T12:46:16","date_gmt":"2023-11-09T11:46:16","guid":{"rendered":"https:\/\/www.tandir.fr\/word\/?post_type=product&#038;p=9866"},"modified":"2023-12-10T21:49:49","modified_gmt":"2023-12-10T20:49:49","slug":"tandir-100-couteau-a-kebab-electrique","status":"publish","type":"product","link":"https:\/\/www.tandir.fr\/index.php\/produit\/tandir-100-couteau-a-kebab-electrique\/","title":{"rendered":"TANDIR 100 &#8211; Couteau \u00e0 kebab \u00e9lectrique (Complet kit)"},"content":{"rendered":"<div class=\"wpb-content-wrapper\"><p>[vc_row full_width=\u00a0\u00bbstretch_row\u00a0\u00bb content_placement=\u00a0\u00bbtop\u00a0\u00bb css=\u00a0\u00bb.vc_custom_1490278559844{padding-top: 50px !important;padding-bottom: 20px !important;background-color: #f9f9f9 !important;}\u00a0\u00bb][vc_column width=\u00a0\u00bb1\/3&Prime; css=\u00a0\u00bb.vc_custom_1699533166739{padding-top: 0px !important;}\u00a0\u00bb woodmart_box_shadow=\u00a0\u00bbno\u00a0\u00bb wd_z_index=\u00a0\u00bbno\u00a0\u00bb woodmart_css_id=\u00a0\u00bb654cd15b2e79f\u00a0\u00bb responsive_spacing=\u00a0\u00bbeyJwYXJhbV90eXBlIjoid29vZG1hcnRfcmVzcG9uc2l2ZV9zcGFjaW5nIiwic2VsZWN0b3JfaWQiOiI2NTRjZDE1YjJlNzlmIiwic2hvcnRjb2RlIjoidmNfY29sdW1uIiwiZGF0YSI6eyJ0YWJsZXQiOnt9LCJtb2JpbGUiOnt9fX0=\u00a0\u00bb parallax_scroll=\u00a0\u00bbno\u00a0\u00bb mobile_bg_img_hidden=\u00a0\u00bbno\u00a0\u00bb tablet_bg_img_hidden=\u00a0\u00bbno\u00a0\u00bb woodmart_parallax=\u00a0\u00bb0&Prime; woodmart_sticky_column=\u00a0\u00bbfalse\u00a0\u00bb mobile_reset_margin=\u00a0\u00bbno\u00a0\u00bb tablet_reset_margin=\u00a0\u00bbno\u00a0\u00bb wd_collapsible_content_switcher=\u00a0\u00bbno\u00a0\u00bb wd_column_role_offcanvas_desktop=\u00a0\u00bbno\u00a0\u00bb wd_column_role_offcanvas_tablet=\u00a0\u00bbno\u00a0\u00bb wd_column_role_offcanvas_mobile=\u00a0\u00bbno\u00a0\u00bb wd_column_role_content_desktop=\u00a0\u00bbno\u00a0\u00bb wd_column_role_content_tablet=\u00a0\u00bbno\u00a0\u00bb wd_column_role_content_mobile=\u00a0\u00bbno\u00a0\u00bb]\t\t<div id=\"wd-654cd17341cd3\" class=\"wd-image wd-wpb wd-rs-654cd17341cd3 text-left  photoswipe-images\">\n\t\t\t\t\t\t\t<a href=\"https:\/\/www.tandir.fr\/wp-content\/uploads\/2023\/11\/DSC_2535_1920x1920-e1699532792827-250x250.png\"  data-width=\"250\" data-height=\"250\">\n\t\t\t\n\t\t\t<img loading=\"lazy\" decoding=\"async\" width=\"250\" height=\"250\" src=\"https:\/\/www.tandir.fr\/wp-content\/uploads\/2023\/11\/DSC_2535_1920x1920-e1699532792827-250x250.png\" class=\"attachment-250x250 size-250x250\" alt=\"Tand\u0131r Umit France Sarl - Machines \u00e0 couper les kebabs\" srcset=\"https:\/\/www.tandir.fr\/wp-content\/uploads\/2023\/11\/DSC_2535_1920x1920-e1699532792827-250x250.png 250w, https:\/\/www.tandir.fr\/wp-content\/uploads\/2023\/11\/DSC_2535_1920x1920-e1699532792827-430x430.png 430w, https:\/\/www.tandir.fr\/wp-content\/uploads\/2023\/11\/DSC_2535_1920x1920-e1699532792827-150x150.png 150w, https:\/\/www.tandir.fr\/wp-content\/uploads\/2023\/11\/DSC_2535_1920x1920-e1699532792827-300x300.png 300w, https:\/\/www.tandir.fr\/wp-content\/uploads\/2023\/11\/DSC_2535_1920x1920-e1699532792827-200x200.png 200w\" sizes=\"auto, (max-width: 250px) 100vw, 250px\" \/>\n\t\t\t\t\t\t\t<\/a>\n\t\t\t\t\t<\/div>\n\t\t[\/vc_column][vc_column width=\u00a0\u00bb1\/3&Prime; css=\u00a0\u00bb.vc_custom_1490276808780{padding-top: 0px !important;}\u00a0\u00bb]\n\t\t<div id=\"wd-654cd1e462f01\" class=\"title-wrapper wd-wpb set-mb-s reset-last-child  wd-rs-654cd1e462f01 wd-title-color-primary wd-title-style-underlined text-left vc_custom_1699533290917 wd-underline-colored\">\n\t\t\t\n\t\t\t<div class=\"liner-continer\">\n\t\t\t\t<h4 class=\"woodmart-title-container title  wd-font-weight- wd-fontsize-l\" >Couteau Tandir II 100 avec c\u00e2ble<\/h4>\n\t\t\t\t\t\t\t<\/div>\n\t\t\t\n\t\t\t\n\t\t\t\n\t\t<\/div>\n\t\t\n\t\t\t\t<div id=\"wd-654cd289a6401\" class=\"wd-text-block wd-wpb reset-last-child wd-rs-654cd289a6401 text-left vc_custom_1699533455107\">\n\t\t\t<p>Recommandation : Convient pour les kebabs jusqu&rsquo;\u00e0 20 kg.<\/p>\n<p>Description : Couteau Tandir 100 avec diam\u00e8tre de 10 cm et transformateur 15 V<br \/>\nProfondeur de d\u00e9coupe r\u00e9glable de 0 \u00e0 10 mm<br \/>\nCapacit\u00e9 quotidienne : 80 kg<br \/>\nCertification CE<\/p>\n\t\t<\/div>\n\t\t[\/vc_column][vc_column width=\u00a0\u00bb1\/3&Prime; css=\u00a0\u00bb.vc_custom_1490276804851{padding-top: 0px !important;}\u00a0\u00bb]\t\t<div id=\"wd-654cd79045448\" class=\"wd-text-block wd-wpb reset-last-child wd-rs-654cd79045448 text-left vc_custom_1699534803145\">\n\t\t\t<p>Contenu du produit :<\/p>\n<ul>\n<li>Couteau Tandir 100<\/li>\n<li>Bloc d\u2019alimentation 15 V (transformateur)<\/li>\n<li>Couteau circulaire (lame lisse)<\/li>\n<li>Couteau circulaire (lame dent\u00e9e)<\/li>\n<li>Meule<\/li>\n<li>Vis de lame de rechange<\/li>\n<li>Curseur de rechange<\/li>\n<li>Fusibles 6,3 A<\/li>\n<li>Mode d\u2019emploi complet<\/li>\n<li>Poids du colis\u00a0: 4,3 kg<\/li>\n<\/ul>\n\t\t<\/div>\n\t\t[\/vc_column][\/vc_row]<\/p>\n<\/div>","protected":false},"excerpt":{"rendered":"<p>Le couteau Tandir II 100 est un couteau \u00e0 kebab \u00e9lectrique que nous fabriquons en Allemagne. Nous recommandons le couteau Tandir II 100 jusqu&rsquo;\u00e0 une taille de kebab de 20,00 KG.<\/p>\n<p>M\u00eame apr\u00e8s l&rsquo;achat, nous sommes l\u00e0 pour vous. Comme nous sommes le fabricant direct, nous avons toujours en stock toutes les pi\u00e8ces de rechange et les accessoires sur nos trois sites. Outre un produit de haute qualit\u00e9, le plus important dans la gastronomie est un bon service. Avec notre service de r\u00e9paration rapide et notre diagnostic gratuit, nous nous d\u00e9marquons du march\u00e9.<\/p>\n<p>Faites confiance au leader du march\u00e9 et achetez directement chez le fabricant.<\/p>\n","protected":false},"featured_media":9867,"comment_status":"open","ping_status":"closed","template":"","meta":{"_monsterinsights_skip_tracking":false,"_monsterinsights_sitenote_active":false,"_monsterinsights_sitenote_note":"","_monsterinsights_sitenote_category":0,"_uf_show_specific_survey":0,"_uf_disable_surveys":false},"product_brand":[],"product_cat":[71],"product_tag":[],"class_list":{"0":"post-9866","1":"product","2":"type-product","3":"status-publish","4":"has-post-thumbnail","6":"product_cat-machines-a-decoupe","8":"first","9":"instock","10":"taxable","11":"shipping-taxable","12":"purchasable","13":"product-type-simple"},"aioseo_notices":[],"jetpack_sharing_enabled":true,"_links":{"self":[{"href":"https:\/\/www.tandir.fr\/index.php\/wp-json\/wp\/v2\/product\/9866","targetHints":{"allow":["GET"]}}],"collection":[{"href":"https:\/\/www.tandir.fr\/index.php\/wp-json\/wp\/v2\/product"}],"about":[{"href":"https:\/\/www.tandir.fr\/index.php\/wp-json\/wp\/v2\/types\/product"}],"replies":[{"embeddable":true,"href":"https:\/\/www.tandir.fr\/index.php\/wp-json\/wp\/v2\/comments?post=9866"}],"wp:featuredmedia":[{"embeddable":true,"href":"https:\/\/www.tandir.fr\/index.php\/wp-json\/wp\/v2\/media\/9867"}],"wp:attachment":[{"href":"https:\/\/www.tandir.fr\/index.php\/wp-json\/wp\/v2\/media?parent=9866"}],"wp:term":[{"taxonomy":"product_brand","embeddable":true,"href":"https:\/\/www.tandir.fr\/index.php\/wp-json\/wp\/v2\/product_brand?post=9866"},{"taxonomy":"product_cat","embeddable":true,"href":"https:\/\/www.tandir.fr\/index.php\/wp-json\/wp\/v2\/product_cat?post=9866"},{"taxonomy":"product_tag","embeddable":true,"href":"https:\/\/www.tandir.fr\/index.php\/wp-json\/wp\/v2\/product_tag?post=9866"}],"curies":[{"name":"wp","href":"https:\/\/api.w.org\/{rel}","templated":true}]}}