{"id":9926,"date":"2023-11-09T17:44:48","date_gmt":"2023-11-09T16:44:48","guid":{"rendered":"https:\/\/www.tandir.fr\/word\/?post_type=product&#038;p=9926"},"modified":"2023-11-09T17:46:09","modified_gmt":"2023-11-09T16:46:09","slug":"couteau-circulaire-tandir-140-dentele","status":"publish","type":"product","link":"https:\/\/www.tandir.fr\/index.php\/produit\/couteau-circulaire-tandir-140-dentele\/","title":{"rendered":"Couteau circulaire TANDIR\u00ae 140 dentel\u00e9"},"content":{"rendered":"<p>Il est possible d\u2019utiliser plusieurs types de couteau circulaire avec le couteau Tandir.<\/p>\n<p>Couteau-scie pour trancher la viande &#8211; Disque trancheur 140<\/p>\n<p>Taille : 140mm<\/p>\n<p>Les couteaux circulaires de notre marque TANDIR\u00ae sont connus pour leur tranchant particulier et leur fonctionnement silencieux. Nous recommandons les couteaux circulaires dent\u00e9s pour la d\u00e9coupe de viande empil\u00e9e. Le couteau circulaire a un diam\u00e8tre de 140 mm et est adapt\u00e9 au couteau Tandir II 140.<\/p>\n<p>Nous vous recommandons d&rsquo;utiliser exclusivement des couteaux circulaires TANDIR\u00ae et DICK\u00ae sur nos machines \u00e0 kebab TANDIR. Les produits tiers sur le march\u00e9 pr\u00e9sentent g\u00e9n\u00e9ralement un fort battement en hauteur et lat\u00e9ral, ce qui endommage la machine \u00e0 long terme. Notre contr\u00f4le de qualit\u00e9 garantit un couteau circulaire qui tourne sans \u00e0-coups, dans les limites de nos tol\u00e9rances. L&rsquo;utilisation de mati\u00e8res premi\u00e8res de haute qualit\u00e9 et de temp\u00e9ratures de cuisson \u00e9lev\u00e9es nous permet en outre d&rsquo;obtenir une duret\u00e9 particuli\u00e8re, gr\u00e2ce \u00e0 laquelle les couteaux circulaires restent aiguis\u00e9s plus longtemps et s&rsquo;usent moins.<\/p>\n","protected":false},"excerpt":{"rendered":"<p>Les couteaux circulaires de notre marque TANDIR\u00ae sont connus pour leur tranchant particulier et leur fonctionnement silencieux. Nous recommandons les couteaux circulaires dent\u00e9s pour la d\u00e9coupe de viande empil\u00e9e. Le couteau circulaire a un diam\u00e8tre de 140 mm et est adapt\u00e9 au couteau Tandir II 140.<\/p>\n","protected":false},"featured_media":9927,"comment_status":"closed","ping_status":"closed","template":"","meta":{"_monsterinsights_skip_tracking":false,"_monsterinsights_sitenote_active":false,"_monsterinsights_sitenote_note":"","_monsterinsights_sitenote_category":0,"_uf_show_specific_survey":0,"_uf_disable_surveys":false},"product_brand":[],"product_cat":[73],"product_tag":[],"class_list":{"0":"post-9926","1":"product","2":"type-product","3":"status-publish","4":"has-post-thumbnail","6":"product_cat-pieces-de-rechange","8":"first","9":"instock","10":"taxable","11":"shipping-taxable","12":"purchasable","13":"product-type-simple"},"aioseo_notices":[],"jetpack_sharing_enabled":true,"_links":{"self":[{"href":"https:\/\/www.tandir.fr\/index.php\/wp-json\/wp\/v2\/product\/9926","targetHints":{"allow":["GET"]}}],"collection":[{"href":"https:\/\/www.tandir.fr\/index.php\/wp-json\/wp\/v2\/product"}],"about":[{"href":"https:\/\/www.tandir.fr\/index.php\/wp-json\/wp\/v2\/types\/product"}],"replies":[{"embeddable":true,"href":"https:\/\/www.tandir.fr\/index.php\/wp-json\/wp\/v2\/comments?post=9926"}],"wp:featuredmedia":[{"embeddable":true,"href":"https:\/\/www.tandir.fr\/index.php\/wp-json\/wp\/v2\/media\/9927"}],"wp:attachment":[{"href":"https:\/\/www.tandir.fr\/index.php\/wp-json\/wp\/v2\/media?parent=9926"}],"wp:term":[{"taxonomy":"product_brand","embeddable":true,"href":"https:\/\/www.tandir.fr\/index.php\/wp-json\/wp\/v2\/product_brand?post=9926"},{"taxonomy":"product_cat","embeddable":true,"href":"https:\/\/www.tandir.fr\/index.php\/wp-json\/wp\/v2\/product_cat?post=9926"},{"taxonomy":"product_tag","embeddable":true,"href":"https:\/\/www.tandir.fr\/index.php\/wp-json\/wp\/v2\/product_tag?post=9926"}],"curies":[{"name":"wp","href":"https:\/\/api.w.org\/{rel}","templated":true}]}}