{"id":9965,"date":"2023-11-09T20:37:30","date_gmt":"2023-11-09T19:37:30","guid":{"rendered":"https:\/\/www.tandir.fr\/word\/?post_type=product&#038;p=9965"},"modified":"2023-11-10T13:42:46","modified_gmt":"2023-11-10T12:42:46","slug":"poussoir-140","status":"publish","type":"product","link":"https:\/\/www.tandir.fr\/index.php\/produit\/poussoir-140\/","title":{"rendered":"Poussoir 140"},"content":{"rendered":"<p>Le poussoir est situ\u00e9 \u00e0 l&rsquo;arri\u00e8re de la lame circulaire et sert \u00e0 \u00e9cumer la viande et la graisse pour \u00e9viter qu&rsquo;elles ne s&rsquo;accumulent sur le couvercle de la lame. Ce poussoir convient au couteau Tandir II 140.<\/p>\n","protected":false},"excerpt":{"rendered":"<p>Le poussoir est situ\u00e9 \u00e0 l&rsquo;arri\u00e8re de la lame circulaire et sert \u00e0 \u00e9cumer la viande et la graisse pour \u00e9viter qu&rsquo;elles ne s&rsquo;accumulent sur le couvercle de la lame. Ce poussoir convient au couteau Tandir II 140.<\/p>\n","protected":false},"featured_media":9966,"comment_status":"closed","ping_status":"closed","template":"","meta":{"_monsterinsights_skip_tracking":false,"_monsterinsights_sitenote_active":false,"_monsterinsights_sitenote_note":"","_monsterinsights_sitenote_category":0,"_uf_show_specific_survey":0,"_uf_disable_surveys":false},"product_brand":[],"product_cat":[73],"product_tag":[],"class_list":{"0":"post-9965","1":"product","2":"type-product","3":"status-publish","4":"has-post-thumbnail","6":"product_cat-pieces-de-rechange","8":"first","9":"instock","10":"taxable","11":"shipping-taxable","12":"purchasable","13":"product-type-simple"},"aioseo_notices":[],"jetpack_sharing_enabled":true,"_links":{"self":[{"href":"https:\/\/www.tandir.fr\/index.php\/wp-json\/wp\/v2\/product\/9965","targetHints":{"allow":["GET"]}}],"collection":[{"href":"https:\/\/www.tandir.fr\/index.php\/wp-json\/wp\/v2\/product"}],"about":[{"href":"https:\/\/www.tandir.fr\/index.php\/wp-json\/wp\/v2\/types\/product"}],"replies":[{"embeddable":true,"href":"https:\/\/www.tandir.fr\/index.php\/wp-json\/wp\/v2\/comments?post=9965"}],"wp:featuredmedia":[{"embeddable":true,"href":"https:\/\/www.tandir.fr\/index.php\/wp-json\/wp\/v2\/media\/9966"}],"wp:attachment":[{"href":"https:\/\/www.tandir.fr\/index.php\/wp-json\/wp\/v2\/media?parent=9965"}],"wp:term":[{"taxonomy":"product_brand","embeddable":true,"href":"https:\/\/www.tandir.fr\/index.php\/wp-json\/wp\/v2\/product_brand?post=9965"},{"taxonomy":"product_cat","embeddable":true,"href":"https:\/\/www.tandir.fr\/index.php\/wp-json\/wp\/v2\/product_cat?post=9965"},{"taxonomy":"product_tag","embeddable":true,"href":"https:\/\/www.tandir.fr\/index.php\/wp-json\/wp\/v2\/product_tag?post=9965"}],"curies":[{"name":"wp","href":"https:\/\/api.w.org\/{rel}","templated":true}]}}